{"id":1699,"date":"2023-06-09T09:31:09","date_gmt":"2023-06-09T09:31:09","guid":{"rendered":"https:\/\/studios-tv.com\/experiencia\/"},"modified":"2024-05-02T14:22:01","modified_gmt":"2024-05-02T14:22:01","slug":"expertises","status":"publish","type":"page","link":"https:\/\/studios-tv.com\/es\/expertises\/","title":{"rendered":"Experiencia"},"content":{"rendered":"<p>[et_pb_section fb_built=\u00bb1&#8243; _builder_version=\u00bb4.21.0&#8243; _module_preset=\u00bbdefault\u00bb custom_padding=\u00bb||5px|||\u00bb global_colors_info=\u00bb{}\u00bb][et_pb_row _builder_version=\u00bb4.21.0&#8243; _module_preset=\u00bbdefault\u00bb global_colors_info=\u00bb{}\u00bb][et_pb_column type=\u00bb4_4&#8243; _builder_version=\u00bb4.21.0&#8243; _module_preset=\u00bbdefault\u00bb pac_dcm_carousel_specific_module_num=\u00bb0&#8243; global_colors_info=\u00bb{}\u00bb][et_pb_text _builder_version=\u00bb4.21.0&#8243; _module_preset=\u00bbdefault\u00bb text_font=\u00bb|800||on|||||\u00bb text_text_color=\u00bb#000000&#8243; text_font_size=\u00bb58px\u00bb text_orientation=\u00bbcenter\u00bb custom_margin=\u00bb||20px|||\u00bb text_font_size_tablet=\u00bb58px\u00bb text_font_size_phone=\u00bb38px\u00bb text_font_size_last_edited=\u00bbon|phone\u00bb locked=\u00bboff\u00bb global_colors_info=\u00bb{}\u00bb]<\/p>\n<p>Experiencia<\/p>\n<p>[\/et_pb_text][et_pb_text _builder_version=\u00bb4.21.0&#8243; _module_preset=\u00bbdefault\u00bb text_font=\u00bb|600|||||||\u00bb text_text_color=\u00bbgcid-4dbe84f3-9a46-4e07-82e9-0009278ee0cb\u00bb text_font_size=\u00bb23px\u00bb text_orientation=\u00bbcenter\u00bb custom_margin=\u00bb||21px|||\u00bb locked=\u00bboff\u00bb global_colors_info=\u00bb{%22gcid-4dbe84f3-9a46-4e07-82e9-0009278ee0cb%22:%91%22text_text_color%22,%22text_text_color%22%93}\u00bb]142 DIDEROT, LA F\u00c1BRICA DE CONTENIDOS EN EL CORAZ\u00d3N DE PAR\u00cdS[\/et_pb_text][et_pb_text _builder_version=\u00bb4.21.0&#8243; _module_preset=\u00bbdefault\u00bb text_font=\u00bb||||||||\u00bb text_text_color=\u00bb#000000&#8243; text_font_size=\u00bb21px\u00bb header_font=\u00bb||||||||\u00bb text_orientation=\u00bbcenter\u00bb text_font_size_tablet=\u00bb21px\u00bb text_font_size_phone=\u00bb16px\u00bb text_font_size_last_edited=\u00bbon|phone\u00bb text_line_height_tablet=\u00bb\u00bb text_line_height_phone=\u00bb1.5em\u00bb text_line_height_last_edited=\u00bbon|phone\u00bb locked=\u00bboff\u00bb global_colors_info=\u00bb{}\u00bb]<\/p>\n<p>1200m2 en 3 niveles dedicados a la creaci\u00f3n, realizaci\u00f3n, producci\u00f3n y streaming de programas, eventos digitales, web TV y mucho m\u00e1s.<\/p>\n<p>Una direcci\u00f3n \u00fanica con 4 estudios de TV de 25 a 200m2, que pueden adaptarse a todas las necesidades: estudio h\u00edbrido, estudio 100% digital, pantalla verde, etc.<\/p>\n<p>[\/et_pb_text][\/et_pb_column][\/et_pb_row][\/et_pb_section][et_pb_section fb_built=\u00bb1&#8243; _builder_version=\u00bb4.21.0&#8243; _module_preset=\u00bbdefault\u00bb global_colors_info=\u00bb{}\u00bb][et_pb_row _builder_version=\u00bb4.21.0&#8243; _module_preset=\u00bbdefault\u00bb global_colors_info=\u00bb{}\u00bb][et_pb_column type=\u00bb4_4&#8243; _builder_version=\u00bb4.21.0&#8243; _module_preset=\u00bbdefault\u00bb pac_dcm_carousel_specific_module_num=\u00bb0&#8243; global_colors_info=\u00bb{}\u00bb][et_pb_text _builder_version=\u00bb4.21.0&#8243; _module_preset=\u00bbdefault\u00bb global_colors_info=\u00bb{}\u00bb]    <div class=\"expertises_filters\">\r\n        <div class=\"expertises_filters_titre\">TODOS LOS ESTUDIOS<\/div>\r\n        <div class=\"expertises_filters_studios\">\r\n\t\t\t                <div class=\"expertises_filters_studio\" data-slug=\"informacion-p1\"\r\n                     data-id=\"1761\"><p><strong>P1<\/strong> Informaci\u00f3n<\/p>\n<\/div>\r\n\t\t\t\t                <div class=\"expertises_filters_studio\" data-slug=\"p2-fondo-verde\"\r\n                     data-id=\"1791\"><p><strong>P2<\/strong> Fondo verde<\/p>\n<\/div>\r\n\t\t\t\t                <div class=\"expertises_filters_studio\" data-slug=\"salon-p3\"\r\n                     data-id=\"1862\"><p><strong>P3<\/strong> Sal\u00f3n<\/p>\n<\/div>\r\n\t\t\t\t                <div class=\"expertises_filters_studio\" data-slug=\"p4-azotea\"\r\n                     data-id=\"1972\"><p><strong>P4 <\/strong>Azotea<\/p>\n<\/div>\r\n\t\t\t\t        <\/div>\r\n    <\/div>\r\n    <div class=\"expertises_liste\">\r\n\r\n    <\/div>\r\n    <div class=\"pagination\">\r\n\r\n    <\/div>\r\n    <script>\r\n        jQuery(document).ready(function ($) {\r\n            function getExpertises(studioSlug, page) {\r\n                $.ajax({\r\n                    url: \"\/wp-admin\/admin-ajax.php\",\r\n                    type: \"POST\",\r\n                    data: {\r\n                        action: \"get_expertises\",\r\n                        studio: studioSlug,\r\n                        page: page\r\n                    },\r\n                    success: function (data) {\r\n                        let dataObj = JSON.parse(data);\r\n                        $(\".expertises_liste\").html(dataObj.html);\r\n                        $(\".pagination\").html(dataObj.pagination);\r\n                        $('.pagination a[data-page=\"' + page + '\"]').addClass('active');\r\n                        setTimeout(function () {\r\n                            scrollToAnchor();\r\n                        }, 2000);\r\n                    }\r\n                });\r\n            }\r\n\r\n            \/\/ La fonction pour g\u00e9rer le d\u00e9filement vers l'ancre\r\n            function scrollToAnchor() {\r\n                let anchor = window.location.hash; \/\/ obtenez l'ancre de l'URL (par exemple, \"#expertise_nom-de-l-expertise\")\r\n\r\n                if (anchor) {\r\n                    let target = $(anchor);\r\n                    if (target.length > 0) { \/\/ v\u00e9rifiez si l'\u00e9l\u00e9ment d'ancre existe\r\n                        $('html, body').animate({\r\n                            scrollTop: target.offset().top \/\/ faites d\u00e9filer jusqu'\u00e0 l'\u00e9l\u00e9ment\r\n                        }, 500); \/\/ 500ms est la dur\u00e9e de l'animation, vous pouvez l'ajuster\r\n                    }\r\n                }\r\n            }\r\n\r\n            \/\/ Appelez scrollToAnchor() chaque fois que l'URL change.\r\n            \/\/ C'est utile si l'utilisateur clique sur un lien avec une ancre sans recharger la page.\r\n            $(window).on('hashchange', function () {\r\n                scrollToAnchor();\r\n            });\r\n\r\n            $(\".expertises_filters_studio\").click(function () {\r\n                let studioSlug = $(this).data(\"slug\");\r\n                $(\".expertises_filters_studio\").removeClass('active');\r\n                $(this).addClass('active');\r\n                getExpertises(studioSlug, 1);\r\n            });\r\n\r\n            let urlParts = window.location.pathname.split('\/');\r\n            let studioSlugFromUrl = urlParts[2];\r\n            if (urlParts[1] !== 'expertises') {\r\n                studioSlugFromUrl = urlParts[3];\r\n            }\r\n            console.log(studioSlugFromUrl);\r\n            let selector = $(\".expertises_filters_studio[data-slug='\" + studioSlugFromUrl + \"']\");\r\n            if (selector.length > 0) {\r\n                selector.click();\r\n            } else {\r\n                getExpertises(null, 1);\r\n            }\r\n\r\n\r\n            $(\".expertises_filters_titre\").click(function () {\r\n                $(\".expertises_filters_studio\").removeClass('active');\r\n                getExpertises(null, 1);\r\n            });\r\n\r\n            $(document).on(\"click\", \".pagination a\", function (e) {\r\n                e.preventDefault();\r\n                let page = $(this).data(\"page\");\r\n                let studioSlug = $(\".expertises_filters_studio.active\").data(\"slug\");\r\n                getExpertises(studioSlug, page);\r\n            });\r\n        });\r\n    <\/script>\r\n\t[\/et_pb_text][\/et_pb_column][\/et_pb_row][\/et_pb_section]<\/p>\n","protected":false},"excerpt":{"rendered":"<p>Experiencia142 DIDEROT, LA F\u00c1BRICA DE CONTENIDOS EN EL CORAZ\u00d3N DE PAR\u00cdS1200m2 en 3 niveles dedicados a la creaci\u00f3n, realizaci\u00f3n, producci\u00f3n y streaming de programas, eventos digitales, web TV y mucho m\u00e1s. Una direcci\u00f3n \u00fanica con 4 estudios de TV de 25 a 200m2, que pueden adaptarse a todas las necesidades: estudio h\u00edbrido, estudio 100% digital, [&hellip;]<\/p>\n","protected":false},"author":1,"featured_media":0,"parent":0,"menu_order":0,"comment_status":"closed","ping_status":"closed","template":"","meta":{"_acf_changed":false,"_et_pb_use_builder":"on","_et_pb_old_content":"","_et_gb_content_width":"","inline_featured_image":false,"footnotes":""},"class_list":["post-1699","page","type-page","status-publish","hentry"],"acf":[],"yoast_head":"<!-- This site is optimized with the Yoast SEO plugin v27.5 - https:\/\/yoast.com\/product\/yoast-seo-wordpress\/ -->\n<title>Experiencia - Studios TV<\/title>\n<meta name=\"robots\" content=\"index, follow, max-snippet:-1, max-image-preview:large, max-video-preview:-1\" \/>\n<link rel=\"canonical\" href=\"https:\/\/studios-tv.com\/es\/expertises\/\" \/>\n<meta property=\"og:locale\" content=\"es_ES\" \/>\n<meta property=\"og:type\" content=\"article\" \/>\n<meta property=\"og:title\" content=\"Experiencia - Studios TV\" \/>\n<meta property=\"og:description\" content=\"Experiencia142 DIDEROT, LA F\u00c1BRICA DE CONTENIDOS EN EL CORAZ\u00d3N DE PAR\u00cdS1200m2 en 3 niveles dedicados a la creaci\u00f3n, realizaci\u00f3n, producci\u00f3n y streaming de programas, eventos digitales, web TV y mucho m\u00e1s. Una direcci\u00f3n \u00fanica con 4 estudios de TV de 25 a 200m2, que pueden adaptarse a todas las necesidades: estudio h\u00edbrido, estudio 100% digital, [&hellip;]\" \/>\n<meta property=\"og:url\" content=\"https:\/\/studios-tv.com\/es\/expertises\/\" \/>\n<meta property=\"og:site_name\" content=\"Studios TV\" \/>\n<meta property=\"article:modified_time\" content=\"2024-05-02T14:22:01+00:00\" \/>\n<meta name=\"twitter:card\" content=\"summary_large_image\" \/>\n<meta name=\"twitter:label1\" content=\"Tiempo de lectura\" \/>\n\t<meta name=\"twitter:data1\" content=\"1 minuto\" \/>\n<script type=\"application\/ld+json\" class=\"yoast-schema-graph\">{\"@context\":\"https:\\\/\\\/schema.org\",\"@graph\":[{\"@type\":\"WebPage\",\"@id\":\"https:\\\/\\\/studios-tv.com\\\/es\\\/expertises\\\/\",\"url\":\"https:\\\/\\\/studios-tv.com\\\/es\\\/expertises\\\/\",\"name\":\"Experiencia - Studios TV\",\"isPartOf\":{\"@id\":\"https:\\\/\\\/studios-tv.com\\\/es\\\/#website\"},\"datePublished\":\"2023-06-09T09:31:09+00:00\",\"dateModified\":\"2024-05-02T14:22:01+00:00\",\"breadcrumb\":{\"@id\":\"https:\\\/\\\/studios-tv.com\\\/es\\\/expertises\\\/#breadcrumb\"},\"inLanguage\":\"es\",\"potentialAction\":[{\"@type\":\"ReadAction\",\"target\":[\"https:\\\/\\\/studios-tv.com\\\/es\\\/expertises\\\/\"]}]},{\"@type\":\"BreadcrumbList\",\"@id\":\"https:\\\/\\\/studios-tv.com\\\/es\\\/expertises\\\/#breadcrumb\",\"itemListElement\":[{\"@type\":\"ListItem\",\"position\":1,\"name\":\"Accueil\",\"item\":\"https:\\\/\\\/studios-tv.com\\\/es\\\/\"},{\"@type\":\"ListItem\",\"position\":2,\"name\":\"Experiencia\"}]},{\"@type\":\"WebSite\",\"@id\":\"https:\\\/\\\/studios-tv.com\\\/es\\\/#website\",\"url\":\"https:\\\/\\\/studios-tv.com\\\/es\\\/\",\"name\":\"Studios TV\",\"description\":\"142 Diderot\",\"potentialAction\":[{\"@type\":\"SearchAction\",\"target\":{\"@type\":\"EntryPoint\",\"urlTemplate\":\"https:\\\/\\\/studios-tv.com\\\/es\\\/?s={search_term_string}\"},\"query-input\":{\"@type\":\"PropertyValueSpecification\",\"valueRequired\":true,\"valueName\":\"search_term_string\"}}],\"inLanguage\":\"es\"}]}<\/script>\n<!-- \/ Yoast SEO plugin. -->","yoast_head_json":{"title":"Experiencia - Studios TV","robots":{"index":"index","follow":"follow","max-snippet":"max-snippet:-1","max-image-preview":"max-image-preview:large","max-video-preview":"max-video-preview:-1"},"canonical":"https:\/\/studios-tv.com\/es\/expertises\/","og_locale":"es_ES","og_type":"article","og_title":"Experiencia - Studios TV","og_description":"Experiencia142 DIDEROT, LA F\u00c1BRICA DE CONTENIDOS EN EL CORAZ\u00d3N DE PAR\u00cdS1200m2 en 3 niveles dedicados a la creaci\u00f3n, realizaci\u00f3n, producci\u00f3n y streaming de programas, eventos digitales, web TV y mucho m\u00e1s. Una direcci\u00f3n \u00fanica con 4 estudios de TV de 25 a 200m2, que pueden adaptarse a todas las necesidades: estudio h\u00edbrido, estudio 100% digital, [&hellip;]","og_url":"https:\/\/studios-tv.com\/es\/expertises\/","og_site_name":"Studios TV","article_modified_time":"2024-05-02T14:22:01+00:00","twitter_card":"summary_large_image","twitter_misc":{"Tiempo de lectura":"1 minuto"},"schema":{"@context":"https:\/\/schema.org","@graph":[{"@type":"WebPage","@id":"https:\/\/studios-tv.com\/es\/expertises\/","url":"https:\/\/studios-tv.com\/es\/expertises\/","name":"Experiencia - Studios TV","isPartOf":{"@id":"https:\/\/studios-tv.com\/es\/#website"},"datePublished":"2023-06-09T09:31:09+00:00","dateModified":"2024-05-02T14:22:01+00:00","breadcrumb":{"@id":"https:\/\/studios-tv.com\/es\/expertises\/#breadcrumb"},"inLanguage":"es","potentialAction":[{"@type":"ReadAction","target":["https:\/\/studios-tv.com\/es\/expertises\/"]}]},{"@type":"BreadcrumbList","@id":"https:\/\/studios-tv.com\/es\/expertises\/#breadcrumb","itemListElement":[{"@type":"ListItem","position":1,"name":"Accueil","item":"https:\/\/studios-tv.com\/es\/"},{"@type":"ListItem","position":2,"name":"Experiencia"}]},{"@type":"WebSite","@id":"https:\/\/studios-tv.com\/es\/#website","url":"https:\/\/studios-tv.com\/es\/","name":"Studios TV","description":"142 Diderot","potentialAction":[{"@type":"SearchAction","target":{"@type":"EntryPoint","urlTemplate":"https:\/\/studios-tv.com\/es\/?s={search_term_string}"},"query-input":{"@type":"PropertyValueSpecification","valueRequired":true,"valueName":"search_term_string"}}],"inLanguage":"es"}]}},"_links":{"self":[{"href":"https:\/\/studios-tv.com\/es\/wp-json\/wp\/v2\/pages\/1699","targetHints":{"allow":["GET"]}}],"collection":[{"href":"https:\/\/studios-tv.com\/es\/wp-json\/wp\/v2\/pages"}],"about":[{"href":"https:\/\/studios-tv.com\/es\/wp-json\/wp\/v2\/types\/page"}],"author":[{"embeddable":true,"href":"https:\/\/studios-tv.com\/es\/wp-json\/wp\/v2\/users\/1"}],"replies":[{"embeddable":true,"href":"https:\/\/studios-tv.com\/es\/wp-json\/wp\/v2\/comments?post=1699"}],"version-history":[{"count":4,"href":"https:\/\/studios-tv.com\/es\/wp-json\/wp\/v2\/pages\/1699\/revisions"}],"predecessor-version":[{"id":2405,"href":"https:\/\/studios-tv.com\/es\/wp-json\/wp\/v2\/pages\/1699\/revisions\/2405"}],"wp:attachment":[{"href":"https:\/\/studios-tv.com\/es\/wp-json\/wp\/v2\/media?parent=1699"}],"curies":[{"name":"wp","href":"https:\/\/api.w.org\/{rel}","templated":true}]}}