{"id":1696,"date":"2023-06-09T09:31:09","date_gmt":"2023-06-09T09:31:09","guid":{"rendered":"https:\/\/studios-tv.com\/conhecimentos-especializados\/"},"modified":"2024-05-02T14:24:14","modified_gmt":"2024-05-02T14:24:14","slug":"expertises","status":"publish","type":"page","link":"https:\/\/studios-tv.com\/pt-pt\/expertises\/","title":{"rendered":"Per\u00edcia"},"content":{"rendered":"<p>[et_pb_section fb_built=&#8221;1&#8243; _builder_version=&#8221;4.21.0&#8243; _module_preset=&#8221;default&#8221; custom_padding=&#8221;||5px|||&#8221; global_colors_info=&#8221;{}&#8221;][et_pb_row _builder_version=&#8221;4.21.0&#8243; _module_preset=&#8221;default&#8221; global_colors_info=&#8221;{}&#8221;][et_pb_column type=&#8221;4_4&#8243; _builder_version=&#8221;4.21.0&#8243; _module_preset=&#8221;default&#8221; pac_dcm_carousel_specific_module_num=&#8221;0&#8243; global_colors_info=&#8221;{}&#8221;][et_pb_text _builder_version=&#8221;4.21.0&#8243; _module_preset=&#8221;default&#8221; text_font=&#8221;|800||on|||||&#8221; text_text_color=&#8221;#000000&#8243; text_font_size=&#8221;58px&#8221; text_orientation=&#8221;center&#8221; custom_margin=&#8221;||20px|||&#8221; text_font_size_tablet=&#8221;58px&#8221; text_font_size_phone=&#8221;38px&#8221; text_font_size_last_edited=&#8221;on|phone&#8221; locked=&#8221;off&#8221; global_colors_info=&#8221;{}&#8221;]<\/p>\n<p>Per\u00edcia<\/p>\n<p>[\/et_pb_text][et_pb_text _builder_version=&#8221;4.21.0&#8243; _module_preset=&#8221;default&#8221; text_font=&#8221;|600|||||||&#8221; text_text_color=&#8221;gcid-4dbe84f3-9a46-4e07-82e9-0009278ee0cb&#8221; text_font_size=&#8221;23px&#8221; text_orientation=&#8221;center&#8221; custom_margin=&#8221;||21px|||&#8221; locked=&#8221;off&#8221; global_colors_info=&#8221;{%22gcid-4dbe84f3-9a46-4e07-82e9-0009278ee0cb%22:%91%22text_text_color%22,%22text_text_color%22%93}&#8221;]142 DIDEROT, A F\u00c1BRICA DE CONTE\u00daDOS NO CORA\u00c7\u00c3O DE PARIS[\/et_pb_text][et_pb_text _builder_version=&#8221;4.21.0&#8243; _module_preset=&#8221;default&#8221; text_font=&#8221;||||||||&#8221; text_text_color=&#8221;#000000&#8243; text_font_size=&#8221;21px&#8221; header_font=&#8221;||||||||&#8221; text_orientation=&#8221;center&#8221; text_font_size_tablet=&#8221;21px&#8221; text_font_size_phone=&#8221;16px&#8221; text_font_size_last_edited=&#8221;on|phone&#8221; text_line_height_tablet=&#8221;&#8221; text_line_height_phone=&#8221;1.5em&#8221; text_line_height_last_edited=&#8221;on|phone&#8221; locked=&#8221;off&#8221; global_colors_info=&#8221;{}&#8221;]<\/p>\n<p>1200m2 em 3 n\u00edveis dedicados \u00e0 cria\u00e7\u00e3o, dire\u00e7\u00e3o, produ\u00e7\u00e3o e transmiss\u00e3o de programas, eventos digitais, web TV e muito mais.<\/p>\n<p>Uma morada \u00fanica com 4 est\u00fadios de televis\u00e3o de 25 a 200 m2, adapt\u00e1veis a todas as necessidades: est\u00fadio h\u00edbrido, est\u00fadio 100% digital, ecr\u00e3 verde, etc.<\/p>\n<p>[\/et_pb_text][\/et_pb_column][\/et_pb_row][\/et_pb_section][et_pb_section fb_built=&#8221;1&#8243; _builder_version=&#8221;4.21.0&#8243; _module_preset=&#8221;default&#8221; global_colors_info=&#8221;{}&#8221;][et_pb_row _builder_version=&#8221;4.21.0&#8243; _module_preset=&#8221;default&#8221; global_colors_info=&#8221;{}&#8221;][et_pb_column type=&#8221;4_4&#8243; _builder_version=&#8221;4.21.0&#8243; _module_preset=&#8221;default&#8221; pac_dcm_carousel_specific_module_num=&#8221;0&#8243; global_colors_info=&#8221;{}&#8221;][et_pb_text _builder_version=&#8221;4.21.0&#8243; _module_preset=&#8221;default&#8221; global_colors_info=&#8221;{}&#8221;]    <div class=\"expertises_filters\">\r\n        <div class=\"expertises_filters_titre\">TODOS OS EST\u00daDIOS<\/div>\r\n        <div class=\"expertises_filters_studios\">\r\n\t\t\t                <div class=\"expertises_filters_studio\" data-slug=\"p1-info\"\r\n                     data-id=\"1750\"><p><strong>P1 <\/strong>Info<\/p>\n<\/div>\r\n\t\t\t\t                <div class=\"expertises_filters_studio\" data-slug=\"p2-fundo-verde\"\r\n                     data-id=\"1785\"><p><strong>P2<\/strong> Fundo verde<\/p>\n<\/div>\r\n\t\t\t\t                <div class=\"expertises_filters_studio\" data-slug=\"p3-lounge\"\r\n                     data-id=\"1843\"><p><strong>P3 <\/strong>Lounge<\/p>\n<\/div>\r\n\t\t\t\t                <div class=\"expertises_filters_studio\" data-slug=\"p4-rooftiptop\"\r\n                     data-id=\"1942\"><p><strong>P4 <\/strong>Rooftiptop<\/p>\n<\/div>\r\n\t\t\t\t        <\/div>\r\n    <\/div>\r\n    <div class=\"expertises_liste\">\r\n\r\n    <\/div>\r\n    <div class=\"pagination\">\r\n\r\n    <\/div>\r\n    <script>\r\n        jQuery(document).ready(function ($) {\r\n            function getExpertises(studioSlug, page) {\r\n                $.ajax({\r\n                    url: \"\/wp-admin\/admin-ajax.php\",\r\n                    type: \"POST\",\r\n                    data: {\r\n                        action: \"get_expertises\",\r\n                        studio: studioSlug,\r\n                        page: page\r\n                    },\r\n                    success: function (data) {\r\n                        let dataObj = JSON.parse(data);\r\n                        $(\".expertises_liste\").html(dataObj.html);\r\n                        $(\".pagination\").html(dataObj.pagination);\r\n                        $('.pagination a[data-page=\"' + page + '\"]').addClass('active');\r\n                        setTimeout(function () {\r\n                            scrollToAnchor();\r\n                        }, 2000);\r\n                    }\r\n                });\r\n            }\r\n\r\n            \/\/ La fonction pour g\u00e9rer le d\u00e9filement vers l'ancre\r\n            function scrollToAnchor() {\r\n                let anchor = window.location.hash; \/\/ obtenez l'ancre de l'URL (par exemple, \"#expertise_nom-de-l-expertise\")\r\n\r\n                if (anchor) {\r\n                    let target = $(anchor);\r\n                    if (target.length > 0) { \/\/ v\u00e9rifiez si l'\u00e9l\u00e9ment d'ancre existe\r\n                        $('html, body').animate({\r\n                            scrollTop: target.offset().top \/\/ faites d\u00e9filer jusqu'\u00e0 l'\u00e9l\u00e9ment\r\n                        }, 500); \/\/ 500ms est la dur\u00e9e de l'animation, vous pouvez l'ajuster\r\n                    }\r\n                }\r\n            }\r\n\r\n            \/\/ Appelez scrollToAnchor() chaque fois que l'URL change.\r\n            \/\/ C'est utile si l'utilisateur clique sur un lien avec une ancre sans recharger la page.\r\n            $(window).on('hashchange', function () {\r\n                scrollToAnchor();\r\n            });\r\n\r\n            $(\".expertises_filters_studio\").click(function () {\r\n                let studioSlug = $(this).data(\"slug\");\r\n                $(\".expertises_filters_studio\").removeClass('active');\r\n                $(this).addClass('active');\r\n                getExpertises(studioSlug, 1);\r\n            });\r\n\r\n            let urlParts = window.location.pathname.split('\/');\r\n            let studioSlugFromUrl = urlParts[2];\r\n            if (urlParts[1] !== 'expertises') {\r\n                studioSlugFromUrl = urlParts[3];\r\n            }\r\n            console.log(studioSlugFromUrl);\r\n            let selector = $(\".expertises_filters_studio[data-slug='\" + studioSlugFromUrl + \"']\");\r\n            if (selector.length > 0) {\r\n                selector.click();\r\n            } else {\r\n                getExpertises(null, 1);\r\n            }\r\n\r\n\r\n            $(\".expertises_filters_titre\").click(function () {\r\n                $(\".expertises_filters_studio\").removeClass('active');\r\n                getExpertises(null, 1);\r\n            });\r\n\r\n            $(document).on(\"click\", \".pagination a\", function (e) {\r\n                e.preventDefault();\r\n                let page = $(this).data(\"page\");\r\n                let studioSlug = $(\".expertises_filters_studio.active\").data(\"slug\");\r\n                getExpertises(studioSlug, page);\r\n            });\r\n        });\r\n    <\/script>\r\n\t[\/et_pb_text][\/et_pb_column][\/et_pb_row][\/et_pb_section]<\/p>\n","protected":false},"excerpt":{"rendered":"<p>Per\u00edcia142 DIDEROT, A F\u00c1BRICA DE CONTE\u00daDOS NO CORA\u00c7\u00c3O DE PARIS1200m2 em 3 n\u00edveis dedicados \u00e0 cria\u00e7\u00e3o, dire\u00e7\u00e3o, produ\u00e7\u00e3o e transmiss\u00e3o de programas, eventos digitais, web TV e muito mais. Uma morada \u00fanica com 4 est\u00fadios de televis\u00e3o de 25 a 200 m2, adapt\u00e1veis a todas as necessidades: est\u00fadio h\u00edbrido, est\u00fadio 100% digital, ecr\u00e3 verde, etc.    <div class=\"expertises_filters\">\r\n        <div class=\"expertises_filters_titre\">TODOS OS EST\u00daDIOS<\/div>\r\n        <div class=\"expertises_filters_studios\">\r\n\t\t\t                <div class=\"expertises_filters_studio\" data-slug=\"p1-info\"\r\n                     data-id=\"1750\"><p><strong>P1 <\/strong>Info<\/p>\n<\/div>\r\n\t\t\t\t                <div class=\"expertises_filters_studio\" data-slug=\"p2-fundo-verde\"\r\n                     data-id=\"1785\"><p><strong>P2<\/strong> Fundo verde<\/p>\n<\/div>\r\n\t\t\t\t                <div class=\"expertises_filters_studio\" data-slug=\"p3-lounge\"\r\n                     data-id=\"1843\"><p><strong>P3 <\/strong>Lounge<\/p>\n<\/div>\r\n\t\t\t\t                <div class=\"expertises_filters_studio\" data-slug=\"p4-rooftiptop\"\r\n                     data-id=\"1942\"><p><strong>P4 <\/strong>Rooftiptop<\/p>\n<\/div>\r\n\t\t\t\t        <\/div>\r\n    <\/div>\r\n    <div class=\"expertises_liste\">\r\n\r\n    <\/div>\r\n    <div class=\"pagination\">\r\n\r\n    <\/div>\r\n    <script>\r\n        jQuery(document).ready(function ($) {\r\n            function getExpertises(studioSlug, page) {\r\n                $.ajax({\r\n                    url: \"\/wp-admin\/admin-ajax.php\",\r\n                    type: \"POST\",\r\n                    data: {\r\n                        action: \"get_expertises\",\r\n                        studio: studioSlug,\r\n                        page: page\r\n                    },\r\n                    success: function (data) {\r\n                        let dataObj = JSON.parse(data);\r\n                        $(\".expertises_liste\").html(dataObj.html);\r\n                        $(\".pagination\").html(dataObj.pagination);\r\n                        $('.pagination a[data-page=\"' + page + '\"]').addClass('active');\r\n                        setTimeout(function () {\r\n                            scrollToAnchor();\r\n                        }, 2000);\r\n                    }\r\n                });\r\n            }\r\n\r\n            \/\/ La fonction pour g\u00e9rer le d\u00e9filement vers l'ancre\r\n            function scrollToAnchor() {\r\n                let anchor = window.location.hash; \/\/ obtenez l'ancre de l'URL (par exemple, \"#expertise_nom-de-l-expertise\")\r\n\r\n                if (anchor) {\r\n                    let target = $(anchor);\r\n                    if (target.length > 0) { \/\/ v\u00e9rifiez si l'\u00e9l\u00e9ment d'ancre existe\r\n                        $('html, body').animate({\r\n                            scrollTop: target.offset().top \/\/ faites d\u00e9filer jusqu'\u00e0 l'\u00e9l\u00e9ment\r\n                        }, 500); \/\/ 500ms est la dur\u00e9e de l'animation, vous pouvez l'ajuster\r\n                    }\r\n                }\r\n            }\r\n\r\n            \/\/ Appelez scrollToAnchor() chaque fois que l'URL change.\r\n            \/\/ C'est utile si l'utilisateur clique sur un lien avec une ancre sans recharger la page.\r\n            $(window).on('hashchange', function () {\r\n                scrollToAnchor();\r\n            });\r\n\r\n            $(\".expertises_filters_studio\").click(function () {\r\n                let studioSlug = $(this).data(\"slug\");\r\n                $(\".expertises_filters_studio\").removeClass('active');\r\n                $(this).addClass('active');\r\n                getExpertises(studioSlug, 1);\r\n            });\r\n\r\n            let urlParts = window.location.pathname.split('\/');\r\n            let studioSlugFromUrl = urlParts[2];\r\n            if (urlParts[1] !== 'expertises') {\r\n                studioSlugFromUrl = urlParts[3];\r\n            }\r\n            console.log(studioSlugFromUrl);\r\n            let selector = $(\".expertises_filters_studio[data-slug='\" + studioSlugFromUrl + \"']\");\r\n            if (selector.length > 0) {\r\n                selector.click();\r\n            } else {\r\n                getExpertises(null, 1);\r\n            }\r\n\r\n\r\n            $(\".expertises_filters_titre\").click(function () {\r\n                $(\".expertises_filters_studio\").removeClass('active');\r\n                getExpertises(null, 1);\r\n            });\r\n\r\n            $(document).on(\"click\", \".pagination a\", function (e) {\r\n                e.preventDefault();\r\n                let page = $(this).data(\"page\");\r\n                let studioSlug = $(\".expertises_filters_studio.active\").data(\"slug\");\r\n                getExpertises(studioSlug, page);\r\n            });\r\n        });\r\n    <\/script>\r\n\t<\/p>\n","protected":false},"author":1,"featured_media":0,"parent":0,"menu_order":0,"comment_status":"closed","ping_status":"closed","template":"","meta":{"_acf_changed":false,"_et_pb_use_builder":"on","_et_pb_old_content":"","_et_gb_content_width":"","inline_featured_image":false,"footnotes":""},"class_list":["post-1696","page","type-page","status-publish","hentry"],"acf":[],"yoast_head":"<!-- This site is optimized with the Yoast SEO plugin v27.5 - https:\/\/yoast.com\/product\/yoast-seo-wordpress\/ -->\n<title>Per\u00edcia - Studios TV<\/title>\n<meta name=\"robots\" content=\"index, follow, max-snippet:-1, max-image-preview:large, max-video-preview:-1\" \/>\n<link rel=\"canonical\" href=\"https:\/\/studios-tv.com\/pt-pt\/expertises\/\" \/>\n<meta property=\"og:locale\" content=\"pt_PT\" \/>\n<meta property=\"og:type\" content=\"article\" \/>\n<meta property=\"og:title\" content=\"Per\u00edcia - Studios TV\" \/>\n<meta property=\"og:description\" content=\"Per\u00edcia142 DIDEROT, A F\u00c1BRICA DE CONTE\u00daDOS NO CORA\u00c7\u00c3O DE PARIS1200m2 em 3 n\u00edveis dedicados \u00e0 cria\u00e7\u00e3o, dire\u00e7\u00e3o, produ\u00e7\u00e3o e transmiss\u00e3o de programas, eventos digitais, web TV e muito mais. Uma morada \u00fanica com 4 est\u00fadios de televis\u00e3o de 25 a 200 m2, adapt\u00e1veis a todas as necessidades: est\u00fadio h\u00edbrido, est\u00fadio 100% digital, ecr\u00e3 verde, etc.\" \/>\n<meta property=\"og:url\" content=\"https:\/\/studios-tv.com\/pt-pt\/expertises\/\" \/>\n<meta property=\"og:site_name\" content=\"Studios TV\" \/>\n<meta property=\"article:modified_time\" content=\"2024-05-02T14:24:14+00:00\" \/>\n<meta name=\"twitter:card\" content=\"summary_large_image\" \/>\n<meta name=\"twitter:label1\" content=\"Tempo estimado de leitura\" \/>\n\t<meta name=\"twitter:data1\" content=\"1 minuto\" \/>\n<script type=\"application\/ld+json\" class=\"yoast-schema-graph\">{\"@context\":\"https:\\\/\\\/schema.org\",\"@graph\":[{\"@type\":\"WebPage\",\"@id\":\"https:\\\/\\\/studios-tv.com\\\/pt-pt\\\/expertises\\\/\",\"url\":\"https:\\\/\\\/studios-tv.com\\\/pt-pt\\\/expertises\\\/\",\"name\":\"Per\u00edcia - Studios TV\",\"isPartOf\":{\"@id\":\"https:\\\/\\\/studios-tv.com\\\/pt-pt\\\/#website\"},\"datePublished\":\"2023-06-09T09:31:09+00:00\",\"dateModified\":\"2024-05-02T14:24:14+00:00\",\"breadcrumb\":{\"@id\":\"https:\\\/\\\/studios-tv.com\\\/pt-pt\\\/expertises\\\/#breadcrumb\"},\"inLanguage\":\"pt-PT\",\"potentialAction\":[{\"@type\":\"ReadAction\",\"target\":[\"https:\\\/\\\/studios-tv.com\\\/pt-pt\\\/expertises\\\/\"]}]},{\"@type\":\"BreadcrumbList\",\"@id\":\"https:\\\/\\\/studios-tv.com\\\/pt-pt\\\/expertises\\\/#breadcrumb\",\"itemListElement\":[{\"@type\":\"ListItem\",\"position\":1,\"name\":\"Accueil\",\"item\":\"https:\\\/\\\/studios-tv.com\\\/pt-pt\\\/\"},{\"@type\":\"ListItem\",\"position\":2,\"name\":\"Per\u00edcia\"}]},{\"@type\":\"WebSite\",\"@id\":\"https:\\\/\\\/studios-tv.com\\\/pt-pt\\\/#website\",\"url\":\"https:\\\/\\\/studios-tv.com\\\/pt-pt\\\/\",\"name\":\"Studios TV\",\"description\":\"142 Diderot\",\"potentialAction\":[{\"@type\":\"SearchAction\",\"target\":{\"@type\":\"EntryPoint\",\"urlTemplate\":\"https:\\\/\\\/studios-tv.com\\\/pt-pt\\\/?s={search_term_string}\"},\"query-input\":{\"@type\":\"PropertyValueSpecification\",\"valueRequired\":true,\"valueName\":\"search_term_string\"}}],\"inLanguage\":\"pt-PT\"}]}<\/script>\n<!-- \/ Yoast SEO plugin. -->","yoast_head_json":{"title":"Per\u00edcia - Studios TV","robots":{"index":"index","follow":"follow","max-snippet":"max-snippet:-1","max-image-preview":"max-image-preview:large","max-video-preview":"max-video-preview:-1"},"canonical":"https:\/\/studios-tv.com\/pt-pt\/expertises\/","og_locale":"pt_PT","og_type":"article","og_title":"Per\u00edcia - Studios TV","og_description":"Per\u00edcia142 DIDEROT, A F\u00c1BRICA DE CONTE\u00daDOS NO CORA\u00c7\u00c3O DE PARIS1200m2 em 3 n\u00edveis dedicados \u00e0 cria\u00e7\u00e3o, dire\u00e7\u00e3o, produ\u00e7\u00e3o e transmiss\u00e3o de programas, eventos digitais, web TV e muito mais. Uma morada \u00fanica com 4 est\u00fadios de televis\u00e3o de 25 a 200 m2, adapt\u00e1veis a todas as necessidades: est\u00fadio h\u00edbrido, est\u00fadio 100% digital, ecr\u00e3 verde, etc.","og_url":"https:\/\/studios-tv.com\/pt-pt\/expertises\/","og_site_name":"Studios TV","article_modified_time":"2024-05-02T14:24:14+00:00","twitter_card":"summary_large_image","twitter_misc":{"Tempo estimado de leitura":"1 minuto"},"schema":{"@context":"https:\/\/schema.org","@graph":[{"@type":"WebPage","@id":"https:\/\/studios-tv.com\/pt-pt\/expertises\/","url":"https:\/\/studios-tv.com\/pt-pt\/expertises\/","name":"Per\u00edcia - Studios TV","isPartOf":{"@id":"https:\/\/studios-tv.com\/pt-pt\/#website"},"datePublished":"2023-06-09T09:31:09+00:00","dateModified":"2024-05-02T14:24:14+00:00","breadcrumb":{"@id":"https:\/\/studios-tv.com\/pt-pt\/expertises\/#breadcrumb"},"inLanguage":"pt-PT","potentialAction":[{"@type":"ReadAction","target":["https:\/\/studios-tv.com\/pt-pt\/expertises\/"]}]},{"@type":"BreadcrumbList","@id":"https:\/\/studios-tv.com\/pt-pt\/expertises\/#breadcrumb","itemListElement":[{"@type":"ListItem","position":1,"name":"Accueil","item":"https:\/\/studios-tv.com\/pt-pt\/"},{"@type":"ListItem","position":2,"name":"Per\u00edcia"}]},{"@type":"WebSite","@id":"https:\/\/studios-tv.com\/pt-pt\/#website","url":"https:\/\/studios-tv.com\/pt-pt\/","name":"Studios TV","description":"142 Diderot","potentialAction":[{"@type":"SearchAction","target":{"@type":"EntryPoint","urlTemplate":"https:\/\/studios-tv.com\/pt-pt\/?s={search_term_string}"},"query-input":{"@type":"PropertyValueSpecification","valueRequired":true,"valueName":"search_term_string"}}],"inLanguage":"pt-PT"}]}},"_links":{"self":[{"href":"https:\/\/studios-tv.com\/pt-pt\/wp-json\/wp\/v2\/pages\/1696","targetHints":{"allow":["GET"]}}],"collection":[{"href":"https:\/\/studios-tv.com\/pt-pt\/wp-json\/wp\/v2\/pages"}],"about":[{"href":"https:\/\/studios-tv.com\/pt-pt\/wp-json\/wp\/v2\/types\/page"}],"author":[{"embeddable":true,"href":"https:\/\/studios-tv.com\/pt-pt\/wp-json\/wp\/v2\/users\/1"}],"replies":[{"embeddable":true,"href":"https:\/\/studios-tv.com\/pt-pt\/wp-json\/wp\/v2\/comments?post=1696"}],"version-history":[{"count":7,"href":"https:\/\/studios-tv.com\/pt-pt\/wp-json\/wp\/v2\/pages\/1696\/revisions"}],"predecessor-version":[{"id":2408,"href":"https:\/\/studios-tv.com\/pt-pt\/wp-json\/wp\/v2\/pages\/1696\/revisions\/2408"}],"wp:attachment":[{"href":"https:\/\/studios-tv.com\/pt-pt\/wp-json\/wp\/v2\/media?parent=1696"}],"curies":[{"name":"wp","href":"https:\/\/api.w.org\/{rel}","templated":true}]}}