{"id":1708,"date":"2023-10-03T08:33:52","date_gmt":"2023-10-03T08:33:52","guid":{"rendered":"https:\/\/studios-tv.com\/informacao-juridica\/"},"modified":"2024-05-02T08:58:58","modified_gmt":"2024-05-02T08:58:58","slug":"informacao-juridica","status":"publish","type":"page","link":"https:\/\/studios-tv.com\/pt-pt\/informacao-juridica\/","title":{"rendered":"Informa\u00e7\u00e3o jur\u00eddica"},"content":{"rendered":"\n<p>EDITORA<\/p>\n\n<p>O site (doravante o &#8220;Site&#8221;) \u00e9 publicado pela WIN-WIN.COM, uma SAS com capital de 1.005.130 Euros, registada no Registo Comercial e de Empresas de Paris sob o n\u00famero 480897263, com sede social em 142 Bd Diderot, 75012 PARIS. Endere\u00e7o de correio eletr\u00f3nico de contacto: <a href=\"mailto:contact@win-win.com\">contact@win-win.com<\/a><\/p>\n\n<p>DIRECTOR DE PUBLICA\u00c7\u00c3O<\/p>\n\n<p>O diretor da publica\u00e7\u00e3o \u00e9 o Sr. Christophe Cousin<\/p>\n\n<p>ALOJAMENTO<\/p>\n\n<p>O s\u00edtio \u00e9 alojado pela OVH, cuja sede social se situa em 2 rue Kellermann &#8211; 59100 Roubaix &#8211; Fran\u00e7a.<\/p>\n\n<p><\/p>\n\n<p><\/p>\n\n<p><\/p>\n\n<p><\/p>\n\n<p><\/p>\n\n<p><\/p>\n\n<p><\/p>\n\n<p><\/p>\n\n<p><\/p>\n\n<p><\/p>\n\n<p><\/p>\n\n<p><\/p>\n\n<p><\/p>\n\n<p><\/p>\n\n<p><\/p>\n\n<p><\/p>\n\n<p><\/p>\n\n<p><\/p>\n\n<p><\/p>\n\n<p><\/p>\n\n<p><\/p>\n\n<p><\/p>\n\n<p><\/p>\n\n<p><\/p>\n\n<p><\/p>\n\n<p><\/p>\n\n<p><\/p>\n\n<p><\/p>\n\n<p><\/p>\n\n<p><\/p>\n\n<p><\/p>\n\n<p><\/p>\n","protected":false},"excerpt":{"rendered":"<p>EDITORA O site (doravante o &#8220;Site&#8221;) \u00e9 publicado pela WIN-WIN.COM, uma SAS com capital de 1.005.130 Euros, registada no Registo Comercial e de Empresas de Paris sob o n\u00famero 480897263, com sede social em 142 Bd Diderot, 75012 PARIS. Endere\u00e7o de correio eletr\u00f3nico de contacto: contact@win-win.com DIRECTOR DE PUBLICA\u00c7\u00c3O O diretor da publica\u00e7\u00e3o \u00e9 o [&hellip;]<\/p>\n","protected":false},"author":1,"featured_media":0,"parent":0,"menu_order":0,"comment_status":"closed","ping_status":"closed","template":"","meta":{"_acf_changed":false,"_et_pb_use_builder":"off","_et_pb_old_content":"","_et_gb_content_width":"","inline_featured_image":false,"footnotes":""},"class_list":["post-1708","page","type-page","status-publish","hentry"],"acf":[],"yoast_head":"<!-- This site is optimized with the Yoast SEO plugin v27.5 - https:\/\/yoast.com\/product\/yoast-seo-wordpress\/ -->\n<title>Informa\u00e7\u00e3o jur\u00eddica - Studios TV<\/title>\n<meta name=\"robots\" content=\"index, follow, max-snippet:-1, max-image-preview:large, max-video-preview:-1\" \/>\n<link rel=\"canonical\" href=\"https:\/\/studios-tv.com\/pt-pt\/informacao-juridica\/\" \/>\n<meta property=\"og:locale\" content=\"pt_PT\" \/>\n<meta property=\"og:type\" content=\"article\" \/>\n<meta property=\"og:title\" content=\"Informa\u00e7\u00e3o jur\u00eddica - Studios TV\" \/>\n<meta property=\"og:description\" content=\"EDITORA O site (doravante o &#8220;Site&#8221;) \u00e9 publicado pela WIN-WIN.COM, uma SAS com capital de 1.005.130 Euros, registada no Registo Comercial e de Empresas de Paris sob o n\u00famero 480897263, com sede social em 142 Bd Diderot, 75012 PARIS. Endere\u00e7o de correio eletr\u00f3nico de contacto: contact@win-win.com DIRECTOR DE PUBLICA\u00c7\u00c3O O diretor da publica\u00e7\u00e3o \u00e9 o [&hellip;]\" \/>\n<meta property=\"og:url\" content=\"https:\/\/studios-tv.com\/pt-pt\/informacao-juridica\/\" \/>\n<meta property=\"og:site_name\" content=\"Studios TV\" \/>\n<meta property=\"article:modified_time\" content=\"2024-05-02T08:58:58+00:00\" \/>\n<meta name=\"twitter:card\" content=\"summary_large_image\" \/>\n<script type=\"application\/ld+json\" class=\"yoast-schema-graph\">{\"@context\":\"https:\\\/\\\/schema.org\",\"@graph\":[{\"@type\":\"WebPage\",\"@id\":\"https:\\\/\\\/studios-tv.com\\\/pt-pt\\\/informacao-juridica\\\/\",\"url\":\"https:\\\/\\\/studios-tv.com\\\/pt-pt\\\/informacao-juridica\\\/\",\"name\":\"Informa\u00e7\u00e3o jur\u00eddica - Studios TV\",\"isPartOf\":{\"@id\":\"https:\\\/\\\/studios-tv.com\\\/pt-pt\\\/#website\"},\"datePublished\":\"2023-10-03T08:33:52+00:00\",\"dateModified\":\"2024-05-02T08:58:58+00:00\",\"breadcrumb\":{\"@id\":\"https:\\\/\\\/studios-tv.com\\\/pt-pt\\\/informacao-juridica\\\/#breadcrumb\"},\"inLanguage\":\"pt-PT\",\"potentialAction\":[{\"@type\":\"ReadAction\",\"target\":[\"https:\\\/\\\/studios-tv.com\\\/pt-pt\\\/informacao-juridica\\\/\"]}]},{\"@type\":\"BreadcrumbList\",\"@id\":\"https:\\\/\\\/studios-tv.com\\\/pt-pt\\\/informacao-juridica\\\/#breadcrumb\",\"itemListElement\":[{\"@type\":\"ListItem\",\"position\":1,\"name\":\"Accueil\",\"item\":\"https:\\\/\\\/studios-tv.com\\\/pt-pt\\\/\"},{\"@type\":\"ListItem\",\"position\":2,\"name\":\"Informa\u00e7\u00e3o jur\u00eddica\"}]},{\"@type\":\"WebSite\",\"@id\":\"https:\\\/\\\/studios-tv.com\\\/pt-pt\\\/#website\",\"url\":\"https:\\\/\\\/studios-tv.com\\\/pt-pt\\\/\",\"name\":\"Studios TV\",\"description\":\"142 Diderot\",\"potentialAction\":[{\"@type\":\"SearchAction\",\"target\":{\"@type\":\"EntryPoint\",\"urlTemplate\":\"https:\\\/\\\/studios-tv.com\\\/pt-pt\\\/?s={search_term_string}\"},\"query-input\":{\"@type\":\"PropertyValueSpecification\",\"valueRequired\":true,\"valueName\":\"search_term_string\"}}],\"inLanguage\":\"pt-PT\"}]}<\/script>\n<!-- \/ Yoast SEO plugin. -->","yoast_head_json":{"title":"Informa\u00e7\u00e3o jur\u00eddica - Studios TV","robots":{"index":"index","follow":"follow","max-snippet":"max-snippet:-1","max-image-preview":"max-image-preview:large","max-video-preview":"max-video-preview:-1"},"canonical":"https:\/\/studios-tv.com\/pt-pt\/informacao-juridica\/","og_locale":"pt_PT","og_type":"article","og_title":"Informa\u00e7\u00e3o jur\u00eddica - Studios TV","og_description":"EDITORA O site (doravante o &#8220;Site&#8221;) \u00e9 publicado pela WIN-WIN.COM, uma SAS com capital de 1.005.130 Euros, registada no Registo Comercial e de Empresas de Paris sob o n\u00famero 480897263, com sede social em 142 Bd Diderot, 75012 PARIS. Endere\u00e7o de correio eletr\u00f3nico de contacto: contact@win-win.com DIRECTOR DE PUBLICA\u00c7\u00c3O O diretor da publica\u00e7\u00e3o \u00e9 o [&hellip;]","og_url":"https:\/\/studios-tv.com\/pt-pt\/informacao-juridica\/","og_site_name":"Studios TV","article_modified_time":"2024-05-02T08:58:58+00:00","twitter_card":"summary_large_image","schema":{"@context":"https:\/\/schema.org","@graph":[{"@type":"WebPage","@id":"https:\/\/studios-tv.com\/pt-pt\/informacao-juridica\/","url":"https:\/\/studios-tv.com\/pt-pt\/informacao-juridica\/","name":"Informa\u00e7\u00e3o jur\u00eddica - Studios TV","isPartOf":{"@id":"https:\/\/studios-tv.com\/pt-pt\/#website"},"datePublished":"2023-10-03T08:33:52+00:00","dateModified":"2024-05-02T08:58:58+00:00","breadcrumb":{"@id":"https:\/\/studios-tv.com\/pt-pt\/informacao-juridica\/#breadcrumb"},"inLanguage":"pt-PT","potentialAction":[{"@type":"ReadAction","target":["https:\/\/studios-tv.com\/pt-pt\/informacao-juridica\/"]}]},{"@type":"BreadcrumbList","@id":"https:\/\/studios-tv.com\/pt-pt\/informacao-juridica\/#breadcrumb","itemListElement":[{"@type":"ListItem","position":1,"name":"Accueil","item":"https:\/\/studios-tv.com\/pt-pt\/"},{"@type":"ListItem","position":2,"name":"Informa\u00e7\u00e3o jur\u00eddica"}]},{"@type":"WebSite","@id":"https:\/\/studios-tv.com\/pt-pt\/#website","url":"https:\/\/studios-tv.com\/pt-pt\/","name":"Studios TV","description":"142 Diderot","potentialAction":[{"@type":"SearchAction","target":{"@type":"EntryPoint","urlTemplate":"https:\/\/studios-tv.com\/pt-pt\/?s={search_term_string}"},"query-input":{"@type":"PropertyValueSpecification","valueRequired":true,"valueName":"search_term_string"}}],"inLanguage":"pt-PT"}]}},"_links":{"self":[{"href":"https:\/\/studios-tv.com\/pt-pt\/wp-json\/wp\/v2\/pages\/1708","targetHints":{"allow":["GET"]}}],"collection":[{"href":"https:\/\/studios-tv.com\/pt-pt\/wp-json\/wp\/v2\/pages"}],"about":[{"href":"https:\/\/studios-tv.com\/pt-pt\/wp-json\/wp\/v2\/types\/page"}],"author":[{"embeddable":true,"href":"https:\/\/studios-tv.com\/pt-pt\/wp-json\/wp\/v2\/users\/1"}],"replies":[{"embeddable":true,"href":"https:\/\/studios-tv.com\/pt-pt\/wp-json\/wp\/v2\/comments?post=1708"}],"version-history":[{"count":1,"href":"https:\/\/studios-tv.com\/pt-pt\/wp-json\/wp\/v2\/pages\/1708\/revisions"}],"predecessor-version":[{"id":1709,"href":"https:\/\/studios-tv.com\/pt-pt\/wp-json\/wp\/v2\/pages\/1708\/revisions\/1709"}],"wp:attachment":[{"href":"https:\/\/studios-tv.com\/pt-pt\/wp-json\/wp\/v2\/media?parent=1708"}],"curies":[{"name":"wp","href":"https:\/\/api.w.org\/{rel}","templated":true}]}}